{"id":6089,"date":"2026-03-04T18:25:07","date_gmt":"2026-03-05T00:25:07","guid":{"rendered":"https:\/\/etn.com.mx\/blog\/blog-etn-turistar-espanol\/"},"modified":"2026-03-04T18:25:07","modified_gmt":"2026-03-05T00:25:07","slug":"blog-etn-turistar-espanol","status":"publish","type":"page","link":"https:\/\/etn.com.mx\/blog\/blog-etn-turistar-espanol\/","title":{"rendered":"Blog ETN Turistar &#8211; Espa\u00f1ol"},"content":{"rendered":"","protected":false},"excerpt":{"rendered":"","protected":false},"author":1,"featured_media":0,"parent":0,"menu_order":0,"comment_status":"closed","ping_status":"closed","template":"","meta":{"neve_meta_sidebar":"","neve_meta_container":"","neve_meta_enable_content_width":"","neve_meta_content_width":0,"neve_meta_title_alignment":"","neve_meta_author_avatar":"","neve_post_elements_order":"","neve_meta_disable_header":"","neve_meta_disable_footer":"","neve_meta_disable_title":"","footnotes":""},"class_list":["post-6089","page","type-page","status-publish","hentry"],"yoast_head":"<!-- This site is optimized with the Yoast SEO plugin v27.3 - https:\/\/yoast.com\/product\/yoast-seo-wordpress\/ -->\n<title>Blog ETN Turistar - Espa\u00f1ol - Blog ETN Turistar<\/title>\n<meta name=\"robots\" content=\"index, follow, max-snippet:-1, max-image-preview:large, max-video-preview:-1\" \/>\n<link rel=\"canonical\" href=\"https:\/\/etn.com.mx\/blog\/blog-etn-turistar-espanol\/\" \/>\n<meta property=\"og:locale\" content=\"es_ES\" \/>\n<meta property=\"og:type\" content=\"article\" \/>\n<meta property=\"og:title\" content=\"Blog ETN Turistar - Espa\u00f1ol - Blog ETN Turistar\" \/>\n<meta property=\"og:url\" content=\"https:\/\/etn.com.mx\/blog\/blog-etn-turistar-espanol\/\" \/>\n<meta property=\"og:site_name\" content=\"Blog ETN Turistar\" \/>\n<meta property=\"article:publisher\" content=\"https:\/\/www.facebook.com\/etnturistar\/\" \/>\n<meta property=\"og:image\" content=\"https:\/\/etn.com.mx\/blog\/wp-content\/uploads\/2023\/07\/logo-etnturistar.png\" \/>\n\t<meta property=\"og:image:width\" content=\"495\" \/>\n\t<meta property=\"og:image:height\" content=\"52\" \/>\n\t<meta property=\"og:image:type\" content=\"image\/png\" \/>\n<meta name=\"twitter:card\" content=\"summary_large_image\" \/>\n<meta name=\"twitter:site\" content=\"@ETNTURISTAR\" \/>\n<script type=\"application\/ld+json\" class=\"yoast-schema-graph\">{\"@context\":\"https:\\\/\\\/schema.org\",\"@graph\":[{\"@type\":\"Article\",\"@id\":\"https:\\\/\\\/etn.com.mx\\\/blog\\\/blog-etn-turistar-espanol\\\/#article\",\"isPartOf\":{\"@id\":\"https:\\\/\\\/etn.com.mx\\\/blog\\\/blog-etn-turistar-espanol\\\/\"},\"author\":{\"name\":\"ETN Turistar\",\"@id\":\"https:\\\/\\\/etn.com.mx\\\/blog\\\/#\\\/schema\\\/person\\\/2dd4ef2d2ed40cf1379ed17eefc34c46\"},\"headline\":\"Blog ETN Turistar &#8211; Espa\u00f1ol\",\"datePublished\":\"2026-03-05T00:25:07+00:00\",\"mainEntityOfPage\":{\"@id\":\"https:\\\/\\\/etn.com.mx\\\/blog\\\/blog-etn-turistar-espanol\\\/\"},\"wordCount\":6,\"publisher\":{\"@id\":\"https:\\\/\\\/etn.com.mx\\\/blog\\\/#organization\"},\"inLanguage\":\"es\"},{\"@type\":\"WebPage\",\"@id\":\"https:\\\/\\\/etn.com.mx\\\/blog\\\/blog-etn-turistar-espanol\\\/\",\"url\":\"https:\\\/\\\/etn.com.mx\\\/blog\\\/blog-etn-turistar-espanol\\\/\",\"name\":\"Blog ETN Turistar - Espa\u00f1ol - Blog ETN Turistar\",\"isPartOf\":{\"@id\":\"https:\\\/\\\/etn.com.mx\\\/blog\\\/#website\"},\"datePublished\":\"2026-03-05T00:25:07+00:00\",\"breadcrumb\":{\"@id\":\"https:\\\/\\\/etn.com.mx\\\/blog\\\/blog-etn-turistar-espanol\\\/#breadcrumb\"},\"inLanguage\":\"es\",\"potentialAction\":[{\"@type\":\"ReadAction\",\"target\":[\"https:\\\/\\\/etn.com.mx\\\/blog\\\/blog-etn-turistar-espanol\\\/\"]}]},{\"@type\":\"BreadcrumbList\",\"@id\":\"https:\\\/\\\/etn.com.mx\\\/blog\\\/blog-etn-turistar-espanol\\\/#breadcrumb\",\"itemListElement\":[{\"@type\":\"ListItem\",\"position\":1,\"name\":\"Inicio Blog\",\"item\":\"https:\\\/\\\/etn.com.mx\\\/blog\\\/\"},{\"@type\":\"ListItem\",\"position\":2,\"name\":\"Blog ETN Turistar &#8211; Espa\u00f1ol\"}]},{\"@type\":\"WebSite\",\"@id\":\"https:\\\/\\\/etn.com.mx\\\/blog\\\/#website\",\"url\":\"https:\\\/\\\/etn.com.mx\\\/blog\\\/\",\"name\":\"Blog ETN\",\"description\":\"Blog ETN L\u00ednea de Autobuses de lujo con destinos a M\u00e9xico, Guadalajara, Morelia, Le\u00f3n, Quer\u00e9taro, San Luis Potos\u00ed, Monterrey, Acapulco y 24 estados de la rep\u00fablica.\",\"publisher\":{\"@id\":\"https:\\\/\\\/etn.com.mx\\\/blog\\\/#organization\"},\"alternateName\":\"Autobuses ETN Turistar\",\"potentialAction\":[{\"@type\":\"SearchAction\",\"target\":{\"@type\":\"EntryPoint\",\"urlTemplate\":\"https:\\\/\\\/etn.com.mx\\\/blog\\\/?s={search_term_string}\"},\"query-input\":{\"@type\":\"PropertyValueSpecification\",\"valueRequired\":true,\"valueName\":\"search_term_string\"}}],\"inLanguage\":\"es\"},{\"@type\":\"Organization\",\"@id\":\"https:\\\/\\\/etn.com.mx\\\/blog\\\/#organization\",\"name\":\"ETN Turistar Lujo\",\"alternateName\":\"Boletos de autobus ETN\",\"url\":\"https:\\\/\\\/etn.com.mx\\\/blog\\\/\",\"logo\":{\"@type\":\"ImageObject\",\"inLanguage\":\"es\",\"@id\":\"https:\\\/\\\/etn.com.mx\\\/blog\\\/#\\\/schema\\\/logo\\\/image\\\/\",\"url\":\"https:\\\/\\\/etn.com.mx\\\/blog\\\/wp-content\\\/uploads\\\/2023\\\/07\\\/logo-etnturistar.png\",\"contentUrl\":\"https:\\\/\\\/etn.com.mx\\\/blog\\\/wp-content\\\/uploads\\\/2023\\\/07\\\/logo-etnturistar.png\",\"width\":495,\"height\":52,\"caption\":\"ETN Turistar Lujo\"},\"image\":{\"@id\":\"https:\\\/\\\/etn.com.mx\\\/blog\\\/#\\\/schema\\\/logo\\\/image\\\/\"},\"sameAs\":[\"https:\\\/\\\/www.facebook.com\\\/etnturistar\\\/\",\"https:\\\/\\\/x.com\\\/ETNTURISTAR\"]},{\"@type\":\"Person\",\"@id\":\"https:\\\/\\\/etn.com.mx\\\/blog\\\/#\\\/schema\\\/person\\\/2dd4ef2d2ed40cf1379ed17eefc34c46\",\"name\":\"ETN Turistar\",\"image\":{\"@type\":\"ImageObject\",\"inLanguage\":\"es\",\"@id\":\"https:\\\/\\\/secure.gravatar.com\\\/avatar\\\/d28cf80567344d817834c5fde3f70d38bd14ccbb70ee9d2980029e2d6c5bb051?s=96&d=mm&r=g\",\"url\":\"https:\\\/\\\/secure.gravatar.com\\\/avatar\\\/d28cf80567344d817834c5fde3f70d38bd14ccbb70ee9d2980029e2d6c5bb051?s=96&d=mm&r=g\",\"contentUrl\":\"https:\\\/\\\/secure.gravatar.com\\\/avatar\\\/d28cf80567344d817834c5fde3f70d38bd14ccbb70ee9d2980029e2d6c5bb051?s=96&d=mm&r=g\",\"caption\":\"ETN Turistar\"},\"url\":\"https:\\\/\\\/etn.com.mx\\\/blog\\\/author\\\/webmaster\\\/\"}]}<\/script>\n<!-- \/ Yoast SEO plugin. -->","yoast_head_json":{"title":"Blog ETN Turistar - Espa\u00f1ol - Blog ETN Turistar","robots":{"index":"index","follow":"follow","max-snippet":"max-snippet:-1","max-image-preview":"max-image-preview:large","max-video-preview":"max-video-preview:-1"},"canonical":"https:\/\/etn.com.mx\/blog\/blog-etn-turistar-espanol\/","og_locale":"es_ES","og_type":"article","og_title":"Blog ETN Turistar - Espa\u00f1ol - Blog ETN Turistar","og_url":"https:\/\/etn.com.mx\/blog\/blog-etn-turistar-espanol\/","og_site_name":"Blog ETN Turistar","article_publisher":"https:\/\/www.facebook.com\/etnturistar\/","og_image":[{"width":495,"height":52,"url":"https:\/\/etn.com.mx\/blog\/wp-content\/uploads\/2023\/07\/logo-etnturistar.png","type":"image\/png"}],"twitter_card":"summary_large_image","twitter_site":"@ETNTURISTAR","schema":{"@context":"https:\/\/schema.org","@graph":[{"@type":"Article","@id":"https:\/\/etn.com.mx\/blog\/blog-etn-turistar-espanol\/#article","isPartOf":{"@id":"https:\/\/etn.com.mx\/blog\/blog-etn-turistar-espanol\/"},"author":{"name":"ETN Turistar","@id":"https:\/\/etn.com.mx\/blog\/#\/schema\/person\/2dd4ef2d2ed40cf1379ed17eefc34c46"},"headline":"Blog ETN Turistar &#8211; Espa\u00f1ol","datePublished":"2026-03-05T00:25:07+00:00","mainEntityOfPage":{"@id":"https:\/\/etn.com.mx\/blog\/blog-etn-turistar-espanol\/"},"wordCount":6,"publisher":{"@id":"https:\/\/etn.com.mx\/blog\/#organization"},"inLanguage":"es"},{"@type":"WebPage","@id":"https:\/\/etn.com.mx\/blog\/blog-etn-turistar-espanol\/","url":"https:\/\/etn.com.mx\/blog\/blog-etn-turistar-espanol\/","name":"Blog ETN Turistar - Espa\u00f1ol - Blog ETN Turistar","isPartOf":{"@id":"https:\/\/etn.com.mx\/blog\/#website"},"datePublished":"2026-03-05T00:25:07+00:00","breadcrumb":{"@id":"https:\/\/etn.com.mx\/blog\/blog-etn-turistar-espanol\/#breadcrumb"},"inLanguage":"es","potentialAction":[{"@type":"ReadAction","target":["https:\/\/etn.com.mx\/blog\/blog-etn-turistar-espanol\/"]}]},{"@type":"BreadcrumbList","@id":"https:\/\/etn.com.mx\/blog\/blog-etn-turistar-espanol\/#breadcrumb","itemListElement":[{"@type":"ListItem","position":1,"name":"Inicio Blog","item":"https:\/\/etn.com.mx\/blog\/"},{"@type":"ListItem","position":2,"name":"Blog ETN Turistar &#8211; Espa\u00f1ol"}]},{"@type":"WebSite","@id":"https:\/\/etn.com.mx\/blog\/#website","url":"https:\/\/etn.com.mx\/blog\/","name":"Blog ETN","description":"Blog ETN L\u00ednea de Autobuses de lujo con destinos a M\u00e9xico, Guadalajara, Morelia, Le\u00f3n, Quer\u00e9taro, San Luis Potos\u00ed, Monterrey, Acapulco y 24 estados de la rep\u00fablica.","publisher":{"@id":"https:\/\/etn.com.mx\/blog\/#organization"},"alternateName":"Autobuses ETN Turistar","potentialAction":[{"@type":"SearchAction","target":{"@type":"EntryPoint","urlTemplate":"https:\/\/etn.com.mx\/blog\/?s={search_term_string}"},"query-input":{"@type":"PropertyValueSpecification","valueRequired":true,"valueName":"search_term_string"}}],"inLanguage":"es"},{"@type":"Organization","@id":"https:\/\/etn.com.mx\/blog\/#organization","name":"ETN Turistar Lujo","alternateName":"Boletos de autobus ETN","url":"https:\/\/etn.com.mx\/blog\/","logo":{"@type":"ImageObject","inLanguage":"es","@id":"https:\/\/etn.com.mx\/blog\/#\/schema\/logo\/image\/","url":"https:\/\/etn.com.mx\/blog\/wp-content\/uploads\/2023\/07\/logo-etnturistar.png","contentUrl":"https:\/\/etn.com.mx\/blog\/wp-content\/uploads\/2023\/07\/logo-etnturistar.png","width":495,"height":52,"caption":"ETN Turistar Lujo"},"image":{"@id":"https:\/\/etn.com.mx\/blog\/#\/schema\/logo\/image\/"},"sameAs":["https:\/\/www.facebook.com\/etnturistar\/","https:\/\/x.com\/ETNTURISTAR"]},{"@type":"Person","@id":"https:\/\/etn.com.mx\/blog\/#\/schema\/person\/2dd4ef2d2ed40cf1379ed17eefc34c46","name":"ETN Turistar","image":{"@type":"ImageObject","inLanguage":"es","@id":"https:\/\/secure.gravatar.com\/avatar\/d28cf80567344d817834c5fde3f70d38bd14ccbb70ee9d2980029e2d6c5bb051?s=96&d=mm&r=g","url":"https:\/\/secure.gravatar.com\/avatar\/d28cf80567344d817834c5fde3f70d38bd14ccbb70ee9d2980029e2d6c5bb051?s=96&d=mm&r=g","contentUrl":"https:\/\/secure.gravatar.com\/avatar\/d28cf80567344d817834c5fde3f70d38bd14ccbb70ee9d2980029e2d6c5bb051?s=96&d=mm&r=g","caption":"ETN Turistar"},"url":"https:\/\/etn.com.mx\/blog\/author\/webmaster\/"}]}},"_links":{"self":[{"href":"https:\/\/etn.com.mx\/blog\/wp-json\/wp\/v2\/pages\/6089","targetHints":{"allow":["GET"]}}],"collection":[{"href":"https:\/\/etn.com.mx\/blog\/wp-json\/wp\/v2\/pages"}],"about":[{"href":"https:\/\/etn.com.mx\/blog\/wp-json\/wp\/v2\/types\/page"}],"author":[{"embeddable":true,"href":"https:\/\/etn.com.mx\/blog\/wp-json\/wp\/v2\/users\/1"}],"replies":[{"embeddable":true,"href":"https:\/\/etn.com.mx\/blog\/wp-json\/wp\/v2\/comments?post=6089"}],"version-history":[{"count":0,"href":"https:\/\/etn.com.mx\/blog\/wp-json\/wp\/v2\/pages\/6089\/revisions"}],"wp:attachment":[{"href":"https:\/\/etn.com.mx\/blog\/wp-json\/wp\/v2\/media?parent=6089"}],"curies":[{"name":"wp","href":"https:\/\/api.w.org\/{rel}","templated":true}]}}